{"id":93,"date":"2025-09-24T10:21:58","date_gmt":"2025-09-24T10:21:58","guid":{"rendered":"https:\/\/tumori-infantili.inferenze.it\/?page_id=93"},"modified":"2025-09-27T13:03:46","modified_gmt":"2025-09-27T13:03:46","slug":"tumori-infantili-in-italia","status":"publish","type":"page","link":"https:\/\/tumori-infantili.inferenze.it\/index.php\/tumori-infantili-in-italia\/","title":{"rendered":"Tumori infantili in Italia"},"content":{"rendered":"\n<p>Testo timori infantili in Italia \u00e8 un testo segnaposto utilizzato nel settore della tipografia e della stampa. Lorem Ipsum \u00e8 considerato il testo segnaposto standard sin dal sedicesimo secolo, quando un anonimo tipografo prese una cassetta di caratteri e li assembl\u00f2 per preparare un testo campione. \u00c8 sopravvissuto non solo a pi\u00f9 di cinque secoli, ma anche al passaggio alla videoimpaginazione, pervenendoci sostanzialmente inalterato. Fu reso popolare, negli anni \u201960, con la diffusione dei fogli di caratteri trasferibili \u201cLetraset\u201d, che contenevano passaggi del Lorem Ipsum, e pi\u00f9 recentemente da software di impaginazione come Aldus PageMaker, che includeva versioni del Lorem Ipsum. \u00e8 un testo segnaposto utilizzato nel settore della tipografia e della stampa. Lorem Ipsum \u00e8 considerato il testo segnaposto standard sin dal sedicesimo secolo, quando un anonimo tipografo prese una cassetta di caratteri e li assembl\u00f2 per preparare un testo campione. \u00c8 sopravvissuto non solo a pi\u00f9 di cinque secoli, ma anche al passaggio alla videoimpaginazione, pervenendoci sostanzialmente inalterato. Fu reso popolare, negli anni \u201960, con la diffusione dei fogli di caratteri trasferibili \u201cLetraset\u201d, che contenevano passaggi del Lorem Ipsum, e pi\u00f9 recentemente da software di impaginazione come Aldus PageMaker, che includeva versioni del Lorem Ipsum.<\/p>\n\n\n\n<p>\u00e8 un testo segnaposto utilizzato nel settore della tipografia e della stampa. Lorem Ipsum \u00e8 considerato il testo segnaposto standard sin dal sedicesimo secolo, quando un anonimo tipografo prese una cassetta di caratteri e li assembl\u00f2 per preparare un testo campione. \u00c8 sopravvissuto non solo a pi\u00f9 di cinque secoli, ma anche al passaggio alla videoimpaginazione, pervenendoci sostanzialmente inalterato. Fu reso popolare, negli anni \u201960, con la diffusione dei fogli di caratteri trasferibili \u201cLetraset\u201d, che contenevano passaggi del Lorem Ipsum, e pi\u00f9 recentemente da software di impaginazione come Aldus PageMaker, che includeva versioni del Lorem Ipsum.<\/p>\n\n\n\n<p>\u00e8 un testo segnaposto utilizzato nel settore della tipografia e della stampa. Lorem Ipsum \u00e8 considerato il testo segnaposto standard sin dal sedicesimo secolo, quando un anonimo tipografo prese una cassetta di caratteri e li assembl\u00f2 per preparare un testo campione. \u00c8 sopravvissuto non solo a pi\u00f9 di cinque secoli, ma anche al passaggio alla videoimpaginazione, pervenendoci sostanzialmente inalterato. Fu reso popolare, negli anni \u201960, con la diffusione dei fogli di caratteri trasferibili \u201cLetraset\u201d, che contenevano passaggi del Lorem Ipsum, e pi\u00f9 recentemente da software di impaginazione come Aldus PageMaker, che includeva versioni del Lorem Ipsum.<\/p>\n\n\n\n<p>\u00e8 un testo segnaposto utilizzato nel settore della tipografia e della stampa. Lorem Ipsum \u00e8 considerato il testo segnaposto standard sin dal sedicesimo secolo, quando un anonimo tipografo prese una cassetta di caratteri e li assembl\u00f2 per preparare un testo campione. \u00c8 sopravvissuto non solo a pi\u00f9 di cinque secoli, ma anche al passaggio alla videoimpaginazione, pervenendoci sostanzialmente inalterato. Fu reso popolare, negli anni \u201960, con la diffusione dei fogli di caratteri trasferibili \u201cLetraset\u201d, che contenevano passaggi del Lorem Ipsum, e pi\u00f9 recentemente da software di impaginazione come Aldus PageMaker, che includeva versioni del Lorem Ipsum.<\/p>\n","protected":false},"excerpt":{"rendered":"<p>Testo timori infantili in Italia \u00e8 un testo segnaposto utilizzato nel settore della tipografia e della stampa. Lorem Ipsum \u00e8 considerato il testo segnaposto standard sin dal sedicesimo secolo, quando un anonimo tipografo prese una cassetta di caratteri e li assembl\u00f2 per preparare un testo campione. \u00c8 sopravvissuto non solo a pi\u00f9 di cinque secoli, [&hellip;]<\/p>\n","protected":false},"author":1,"featured_media":0,"parent":0,"menu_order":0,"comment_status":"closed","ping_status":"closed","template":"registri-tumori-italiani-2","meta":{"footnotes":""},"class_list":["post-93","page","type-page","status-publish","hentry"],"yoast_head":"<!-- This site is optimized with the Yoast SEO plugin v27.4 - https:\/\/yoast.com\/product\/yoast-seo-wordpress\/ -->\n<title>Tumori infantili in Italia - Tumori Infantili<\/title>\n<meta name=\"robots\" content=\"index, follow, max-snippet:-1, max-image-preview:large, max-video-preview:-1\" \/>\n<link rel=\"canonical\" href=\"https:\/\/tumori-infantili.inferenze.it\/index.php\/tumori-infantili-in-italia\/\" \/>\n<meta property=\"og:locale\" content=\"en_US\" \/>\n<meta property=\"og:type\" content=\"article\" \/>\n<meta property=\"og:title\" content=\"Tumori infantili in Italia - Tumori Infantili\" \/>\n<meta property=\"og:description\" content=\"Testo timori infantili in Italia \u00e8 un testo segnaposto utilizzato nel settore della tipografia e della stampa. Lorem Ipsum \u00e8 considerato il testo segnaposto standard sin dal sedicesimo secolo, quando un anonimo tipografo prese una cassetta di caratteri e li assembl\u00f2 per preparare un testo campione. \u00c8 sopravvissuto non solo a pi\u00f9 di cinque secoli, [&hellip;]\" \/>\n<meta property=\"og:url\" content=\"https:\/\/tumori-infantili.inferenze.it\/index.php\/tumori-infantili-in-italia\/\" \/>\n<meta property=\"og:site_name\" content=\"Tumori Infantili\" \/>\n<meta property=\"article:modified_time\" content=\"2025-09-27T13:03:46+00:00\" \/>\n<meta name=\"twitter:card\" content=\"summary_large_image\" \/>\n<meta name=\"twitter:label1\" content=\"Est. reading time\" \/>\n\t<meta name=\"twitter:data1\" content=\"3 minutes\" \/>\n<script type=\"application\/ld+json\" class=\"yoast-schema-graph\">{\"@context\":\"https:\\\/\\\/schema.org\",\"@graph\":[{\"@type\":\"WebPage\",\"@id\":\"https:\\\/\\\/tumori-infantili.inferenze.it\\\/index.php\\\/tumori-infantili-in-italia\\\/\",\"url\":\"https:\\\/\\\/tumori-infantili.inferenze.it\\\/index.php\\\/tumori-infantili-in-italia\\\/\",\"name\":\"Tumori infantili in Italia - Tumori Infantili\",\"isPartOf\":{\"@id\":\"https:\\\/\\\/tumori-infantili.inferenze.it\\\/#website\"},\"datePublished\":\"2025-09-24T10:21:58+00:00\",\"dateModified\":\"2025-09-27T13:03:46+00:00\",\"breadcrumb\":{\"@id\":\"https:\\\/\\\/tumori-infantili.inferenze.it\\\/index.php\\\/tumori-infantili-in-italia\\\/#breadcrumb\"},\"inLanguage\":\"en-US\",\"potentialAction\":[{\"@type\":\"ReadAction\",\"target\":[\"https:\\\/\\\/tumori-infantili.inferenze.it\\\/index.php\\\/tumori-infantili-in-italia\\\/\"]}]},{\"@type\":\"BreadcrumbList\",\"@id\":\"https:\\\/\\\/tumori-infantili.inferenze.it\\\/index.php\\\/tumori-infantili-in-italia\\\/#breadcrumb\",\"itemListElement\":[{\"@type\":\"ListItem\",\"position\":1,\"name\":\"Home\",\"item\":\"https:\\\/\\\/tumori-infantili.inferenze.it\\\/\"},{\"@type\":\"ListItem\",\"position\":2,\"name\":\"Tumori infantili in Italia\"}]},{\"@type\":\"WebSite\",\"@id\":\"https:\\\/\\\/tumori-infantili.inferenze.it\\\/#website\",\"url\":\"https:\\\/\\\/tumori-infantili.inferenze.it\\\/\",\"name\":\"Tumori Infantili\",\"description\":\"\",\"publisher\":{\"@id\":\"https:\\\/\\\/tumori-infantili.inferenze.it\\\/#organization\"},\"potentialAction\":[{\"@type\":\"SearchAction\",\"target\":{\"@type\":\"EntryPoint\",\"urlTemplate\":\"https:\\\/\\\/tumori-infantili.inferenze.it\\\/?s={search_term_string}\"},\"query-input\":{\"@type\":\"PropertyValueSpecification\",\"valueRequired\":true,\"valueName\":\"search_term_string\"}}],\"inLanguage\":\"en-US\"},{\"@type\":\"Organization\",\"@id\":\"https:\\\/\\\/tumori-infantili.inferenze.it\\\/#organization\",\"name\":\"Tumori Infantili\",\"url\":\"https:\\\/\\\/tumori-infantili.inferenze.it\\\/\",\"logo\":{\"@type\":\"ImageObject\",\"inLanguage\":\"en-US\",\"@id\":\"https:\\\/\\\/tumori-infantili.inferenze.it\\\/#\\\/schema\\\/logo\\\/image\\\/\",\"url\":\"https:\\\/\\\/tumori-infantili.inferenze.it\\\/wp-content\\\/uploads\\\/2025\\\/09\\\/logo-tumori-infantili.png\",\"contentUrl\":\"https:\\\/\\\/tumori-infantili.inferenze.it\\\/wp-content\\\/uploads\\\/2025\\\/09\\\/logo-tumori-infantili.png\",\"width\":1133,\"height\":663,\"caption\":\"Tumori Infantili\"},\"image\":{\"@id\":\"https:\\\/\\\/tumori-infantili.inferenze.it\\\/#\\\/schema\\\/logo\\\/image\\\/\"}}]}<\/script>\n<!-- \/ Yoast SEO plugin. -->","yoast_head_json":{"title":"Tumori infantili in Italia - Tumori Infantili","robots":{"index":"index","follow":"follow","max-snippet":"max-snippet:-1","max-image-preview":"max-image-preview:large","max-video-preview":"max-video-preview:-1"},"canonical":"https:\/\/tumori-infantili.inferenze.it\/index.php\/tumori-infantili-in-italia\/","og_locale":"en_US","og_type":"article","og_title":"Tumori infantili in Italia - Tumori Infantili","og_description":"Testo timori infantili in Italia \u00e8 un testo segnaposto utilizzato nel settore della tipografia e della stampa. Lorem Ipsum \u00e8 considerato il testo segnaposto standard sin dal sedicesimo secolo, quando un anonimo tipografo prese una cassetta di caratteri e li assembl\u00f2 per preparare un testo campione. \u00c8 sopravvissuto non solo a pi\u00f9 di cinque secoli, [&hellip;]","og_url":"https:\/\/tumori-infantili.inferenze.it\/index.php\/tumori-infantili-in-italia\/","og_site_name":"Tumori Infantili","article_modified_time":"2025-09-27T13:03:46+00:00","twitter_card":"summary_large_image","twitter_misc":{"Est. reading time":"3 minutes"},"schema":{"@context":"https:\/\/schema.org","@graph":[{"@type":"WebPage","@id":"https:\/\/tumori-infantili.inferenze.it\/index.php\/tumori-infantili-in-italia\/","url":"https:\/\/tumori-infantili.inferenze.it\/index.php\/tumori-infantili-in-italia\/","name":"Tumori infantili in Italia - Tumori Infantili","isPartOf":{"@id":"https:\/\/tumori-infantili.inferenze.it\/#website"},"datePublished":"2025-09-24T10:21:58+00:00","dateModified":"2025-09-27T13:03:46+00:00","breadcrumb":{"@id":"https:\/\/tumori-infantili.inferenze.it\/index.php\/tumori-infantili-in-italia\/#breadcrumb"},"inLanguage":"en-US","potentialAction":[{"@type":"ReadAction","target":["https:\/\/tumori-infantili.inferenze.it\/index.php\/tumori-infantili-in-italia\/"]}]},{"@type":"BreadcrumbList","@id":"https:\/\/tumori-infantili.inferenze.it\/index.php\/tumori-infantili-in-italia\/#breadcrumb","itemListElement":[{"@type":"ListItem","position":1,"name":"Home","item":"https:\/\/tumori-infantili.inferenze.it\/"},{"@type":"ListItem","position":2,"name":"Tumori infantili in Italia"}]},{"@type":"WebSite","@id":"https:\/\/tumori-infantili.inferenze.it\/#website","url":"https:\/\/tumori-infantili.inferenze.it\/","name":"Tumori Infantili","description":"","publisher":{"@id":"https:\/\/tumori-infantili.inferenze.it\/#organization"},"potentialAction":[{"@type":"SearchAction","target":{"@type":"EntryPoint","urlTemplate":"https:\/\/tumori-infantili.inferenze.it\/?s={search_term_string}"},"query-input":{"@type":"PropertyValueSpecification","valueRequired":true,"valueName":"search_term_string"}}],"inLanguage":"en-US"},{"@type":"Organization","@id":"https:\/\/tumori-infantili.inferenze.it\/#organization","name":"Tumori Infantili","url":"https:\/\/tumori-infantili.inferenze.it\/","logo":{"@type":"ImageObject","inLanguage":"en-US","@id":"https:\/\/tumori-infantili.inferenze.it\/#\/schema\/logo\/image\/","url":"https:\/\/tumori-infantili.inferenze.it\/wp-content\/uploads\/2025\/09\/logo-tumori-infantili.png","contentUrl":"https:\/\/tumori-infantili.inferenze.it\/wp-content\/uploads\/2025\/09\/logo-tumori-infantili.png","width":1133,"height":663,"caption":"Tumori Infantili"},"image":{"@id":"https:\/\/tumori-infantili.inferenze.it\/#\/schema\/logo\/image\/"}}]}},"_links":{"self":[{"href":"https:\/\/tumori-infantili.inferenze.it\/index.php\/wp-json\/wp\/v2\/pages\/93","targetHints":{"allow":["GET"]}}],"collection":[{"href":"https:\/\/tumori-infantili.inferenze.it\/index.php\/wp-json\/wp\/v2\/pages"}],"about":[{"href":"https:\/\/tumori-infantili.inferenze.it\/index.php\/wp-json\/wp\/v2\/types\/page"}],"author":[{"embeddable":true,"href":"https:\/\/tumori-infantili.inferenze.it\/index.php\/wp-json\/wp\/v2\/users\/1"}],"replies":[{"embeddable":true,"href":"https:\/\/tumori-infantili.inferenze.it\/index.php\/wp-json\/wp\/v2\/comments?post=93"}],"version-history":[{"count":2,"href":"https:\/\/tumori-infantili.inferenze.it\/index.php\/wp-json\/wp\/v2\/pages\/93\/revisions"}],"predecessor-version":[{"id":238,"href":"https:\/\/tumori-infantili.inferenze.it\/index.php\/wp-json\/wp\/v2\/pages\/93\/revisions\/238"}],"wp:attachment":[{"href":"https:\/\/tumori-infantili.inferenze.it\/index.php\/wp-json\/wp\/v2\/media?parent=93"}],"curies":[{"name":"wp","href":"https:\/\/api.w.org\/{rel}","templated":true}]}}